                                                                                                                                                                                                                                                                                                                                                                                                                                                                                                                                                                                                                                                                                                                                                                                                                                                        {"id":346,"date":"2016-08-05T10:01:29","date_gmt":"2016-08-05T10:01:29","guid":{"rendered":"https:\/\/phongdomset.vn\/?post_type=product&#038;p=346"},"modified":"2016-08-05T10:01:29","modified_gmt":"2016-08-05T10:01:29","slug":"sua-chua-dau-do-may-sieu-am","status":"publish","type":"product","link":"https:\/\/phongdomset.vn\/en\/san-pham\/sua-chua-dau-do-may-sieu-am\/","title":{"rendered":"(Ti\u1ebfng Vi\u1ec7t) S\u1eeda ch\u1eefa \u0111\u1ea7u d\u00f2 m\u00e1y si\u00eau \u00e2m"},"content":{"rendered":"<p class=\"qtranxs-available-languages-message qtranxs-available-languages-message-en\">Sorry, this entry is only available in <a href=\"https:\/\/phongdomset.vn\/vi\/wp-json\/wp\/v2\/product\/346\" class=\"qtranxs-available-language-link qtranxs-available-language-link-vi\" title=\"Ti\u1ebfng Vi\u1ec7t\">Ti\u1ebfng Vi\u1ec7t<\/a>.<\/p>","protected":false},"excerpt":{"rendered":"<p>Sorry, this entry is only available in Ti\u1ebfng Vi\u1ec7t.<\/p>\n","protected":false},"featured_media":347,"comment_status":"open","ping_status":"closed","template":"","meta":[],"product_brand":[],"product_cat":[54],"product_tag":[],"class_list":{"0":"post-346","1":"product","2":"type-product","3":"status-publish","4":"has-post-thumbnail","6":"product_cat-sua-chua-thiet-bi-y-te","7":"entry","9":"first","10":"instock","11":"shipping-taxable","12":"product-type-simple"},"_links":{"self":[{"href":"https:\/\/phongdomset.vn\/en\/wp-json\/wp\/v2\/product\/346","targetHints":{"allow":["GET"]}}],"collection":[{"href":"https:\/\/phongdomset.vn\/en\/wp-json\/wp\/v2\/product"}],"about":[{"href":"https:\/\/phongdomset.vn\/en\/wp-json\/wp\/v2\/types\/product"}],"replies":[{"embeddable":true,"href":"https:\/\/phongdomset.vn\/en\/wp-json\/wp\/v2\/comments?post=346"}],"wp:featuredmedia":[{"embeddable":true,"href":"https:\/\/phongdomset.vn\/en\/wp-json\/wp\/v2\/media\/347"}],"wp:attachment":[{"href":"https:\/\/phongdomset.vn\/en\/wp-json\/wp\/v2\/media?parent=346"}],"wp:term":[{"taxonomy":"product_brand","embeddable":true,"href":"https:\/\/phongdomset.vn\/en\/wp-json\/wp\/v2\/product_brand?post=346"},{"taxonomy":"product_cat","embeddable":true,"href":"https:\/\/phongdomset.vn\/en\/wp-json\/wp\/v2\/product_cat?post=346"},{"taxonomy":"product_tag","embeddable":true,"href":"https:\/\/phongdomset.vn\/en\/wp-json\/wp\/v2\/product_tag?post=346"}],"curies":[{"name":"wp","href":"https:\/\/api.w.org\/{rel}","templated":true}]}}