                                                                                                                                                                                                                                                                                                                                                                                                                                                                                                                                                                                                                                                                                                                                                                                                                                                        {"id":354,"date":"2016-08-05T10:04:57","date_gmt":"2016-08-05T10:04:57","guid":{"rendered":"https:\/\/phongdomset.vn\/?post_type=product&#038;p=354"},"modified":"2016-08-05T10:04:57","modified_gmt":"2016-08-05T10:04:57","slug":"sua-chua-may-sieu-am-den-trang-mau-3d-4d","status":"publish","type":"product","link":"https:\/\/phongdomset.vn\/en\/san-pham\/sua-chua-may-sieu-am-den-trang-mau-3d-4d\/","title":{"rendered":"(Ti\u1ebfng Vi\u1ec7t) S\u1eeda ch\u1eefa m\u00e1y si\u00eau \u00e2m \u0111en tr\u1eafng, m\u00e0u 3D, 4D"},"content":{"rendered":"","protected":false},"excerpt":{"rendered":"","protected":false},"featured_media":355,"comment_status":"open","ping_status":"closed","template":"","meta":[],"product_brand":[],"product_cat":[54],"product_tag":[],"class_list":{"0":"post-354","1":"product","2":"type-product","3":"status-publish","4":"has-post-thumbnail","6":"product_cat-sua-chua-thiet-bi-y-te","7":"entry","9":"first","10":"instock","11":"shipping-taxable","12":"product-type-simple"},"_links":{"self":[{"href":"https:\/\/phongdomset.vn\/en\/wp-json\/wp\/v2\/product\/354","targetHints":{"allow":["GET"]}}],"collection":[{"href":"https:\/\/phongdomset.vn\/en\/wp-json\/wp\/v2\/product"}],"about":[{"href":"https:\/\/phongdomset.vn\/en\/wp-json\/wp\/v2\/types\/product"}],"replies":[{"embeddable":true,"href":"https:\/\/phongdomset.vn\/en\/wp-json\/wp\/v2\/comments?post=354"}],"wp:featuredmedia":[{"embeddable":true,"href":"https:\/\/phongdomset.vn\/en\/wp-json\/wp\/v2\/media\/355"}],"wp:attachment":[{"href":"https:\/\/phongdomset.vn\/en\/wp-json\/wp\/v2\/media?parent=354"}],"wp:term":[{"taxonomy":"product_brand","embeddable":true,"href":"https:\/\/phongdomset.vn\/en\/wp-json\/wp\/v2\/product_brand?post=354"},{"taxonomy":"product_cat","embeddable":true,"href":"https:\/\/phongdomset.vn\/en\/wp-json\/wp\/v2\/product_cat?post=354"},{"taxonomy":"product_tag","embeddable":true,"href":"https:\/\/phongdomset.vn\/en\/wp-json\/wp\/v2\/product_tag?post=354"}],"curies":[{"name":"wp","href":"https:\/\/api.w.org\/{rel}","templated":true}]}}